{"id":115,"date":"2021-11-29T15:04:25","date_gmt":"2021-11-29T15:04:25","guid":{"rendered":"https:\/\/futuriodemos.com\/default-demo\/?page_id=115"},"modified":"2021-12-03T12:34:00","modified_gmt":"2021-12-03T12:34:00","slug":"wdrozenie","status":"publish","type":"page","link":"https:\/\/bimetrics.pl\/index.php\/wdrozenie\/","title":{"rendered":"Wdro\u017cenie"},"content":{"rendered":"\t\t<div data-elementor-type=\"wp-page\" data-elementor-id=\"115\" class=\"elementor elementor-115\">\n\t\t\t\t\t\t\t\t\t<section class=\"elementor-section elementor-top-section elementor-element elementor-element-7ea9cb1e elementor-section-boxed elementor-section-height-default elementor-section-height-default\" data-id=\"7ea9cb1e\" data-element_type=\"section\" data-settings=\"{&quot;_ha_eqh_enable&quot;:false}\">\n\t\t\t\t\t\t<div class=\"elementor-container elementor-column-gap-default\">\n\t\t\t\t\t<div class=\"elementor-column elementor-col-100 elementor-top-column elementor-element elementor-element-45e5b271\" data-id=\"45e5b271\" data-element_type=\"column\">\n\t\t\t<div class=\"elementor-widget-wrap elementor-element-populated\">\n\t\t\t\t\t\t\t\t<div class=\"elementor-element elementor-element-6cd90bc elementor-widget elementor-widget-spacer\" data-id=\"6cd90bc\" data-element_type=\"widget\" data-widget_type=\"spacer.default\">\n\t\t\t\t<div class=\"elementor-widget-container\">\n\t\t\t<style>\/*! elementor - v3.16.0 - 14-09-2023 *\/\n.elementor-column .elementor-spacer-inner{height:var(--spacer-size)}.e-con{--container-widget-width:100%}.e-con-inner>.elementor-widget-spacer,.e-con>.elementor-widget-spacer{width:var(--container-widget-width,var(--spacer-size));--align-self:var(--container-widget-align-self,initial);--flex-shrink:0}.e-con-inner>.elementor-widget-spacer>.elementor-widget-container,.e-con>.elementor-widget-spacer>.elementor-widget-container{height:100%;width:100%}.e-con-inner>.elementor-widget-spacer>.elementor-widget-container>.elementor-spacer,.e-con>.elementor-widget-spacer>.elementor-widget-container>.elementor-spacer{height:100%}.e-con-inner>.elementor-widget-spacer>.elementor-widget-container>.elementor-spacer>.elementor-spacer-inner,.e-con>.elementor-widget-spacer>.elementor-widget-container>.elementor-spacer>.elementor-spacer-inner{height:var(--container-widget-height,var(--spacer-size))}.e-con-inner>.elementor-widget-spacer.elementor-widget-empty,.e-con>.elementor-widget-spacer.elementor-widget-empty{position:relative;min-height:22px;min-width:22px}.e-con-inner>.elementor-widget-spacer.elementor-widget-empty .elementor-widget-empty-icon,.e-con>.elementor-widget-spacer.elementor-widget-empty .elementor-widget-empty-icon{position:absolute;top:0;bottom:0;left:0;right:0;margin:auto;padding:0;width:22px;height:22px}<\/style>\t\t<div class=\"elementor-spacer\">\n\t\t\t<div class=\"elementor-spacer-inner\"><\/div>\n\t\t<\/div>\n\t\t\t\t<\/div>\n\t\t\t\t<\/div>\n\t\t\t\t<div class=\"elementor-element elementor-element-aaad220 elementor-widget elementor-widget-heading\" data-id=\"aaad220\" data-element_type=\"widget\" data-widget_type=\"heading.default\">\n\t\t\t\t<div class=\"elementor-widget-container\">\n\t\t\t<style>\/*! elementor - v3.16.0 - 14-09-2023 *\/\n.elementor-heading-title{padding:0;margin:0;line-height:1}.elementor-widget-heading .elementor-heading-title[class*=elementor-size-]>a{color:inherit;font-size:inherit;line-height:inherit}.elementor-widget-heading .elementor-heading-title.elementor-size-small{font-size:15px}.elementor-widget-heading .elementor-heading-title.elementor-size-medium{font-size:19px}.elementor-widget-heading .elementor-heading-title.elementor-size-large{font-size:29px}.elementor-widget-heading .elementor-heading-title.elementor-size-xl{font-size:39px}.elementor-widget-heading .elementor-heading-title.elementor-size-xxl{font-size:59px}<\/style><h2 class=\"elementor-heading-title elementor-size-default\">ROZWA\u017bASZ WDRO\u017bENIE BIMETRICS?<\/h2>\t\t<\/div>\n\t\t\t\t<\/div>\n\t\t\t\t<div class=\"elementor-element elementor-element-0c545e7 elementor-widget elementor-widget-text-editor\" data-id=\"0c545e7\" data-element_type=\"widget\" data-widget_type=\"text-editor.default\">\n\t\t\t\t<div class=\"elementor-widget-container\">\n\t\t\t<style>\/*! elementor - v3.16.0 - 14-09-2023 *\/\n.elementor-widget-text-editor.elementor-drop-cap-view-stacked .elementor-drop-cap{background-color:#69727d;color:#fff}.elementor-widget-text-editor.elementor-drop-cap-view-framed .elementor-drop-cap{color:#69727d;border:3px solid;background-color:transparent}.elementor-widget-text-editor:not(.elementor-drop-cap-view-default) .elementor-drop-cap{margin-top:8px}.elementor-widget-text-editor:not(.elementor-drop-cap-view-default) .elementor-drop-cap-letter{width:1em;height:1em}.elementor-widget-text-editor .elementor-drop-cap{float:left;text-align:center;line-height:1;font-size:50px}.elementor-widget-text-editor .elementor-drop-cap-letter{display:inline-block}<\/style>\t\t\t\t<p>Oferujemy Ci profesjonalny audyt przedwdro\u017ceniowy. Do\u015bwiadczeni konsultanci BImetrics zweryfikuj\u0105 jako\u015b\u0107 Twoich danych i doradz\u0105, kt\u00f3re z proces\u00f3w zachodz\u0105cych w Twojej organizacji, niezale\u017cnie od rodzaju prowadzonej dzia\u0142alno\u015bci, obj\u0105\u0107 wdro\u017ceniem Systemu. Wdro\u017cenie BImetrics odbywa si\u0119 r\u00f3wnolegle na dw\u00f3ch poziomach \u2013 organizacyjnym oraz informatycznym. Rozwi\u0105zania informatyczne powinny wynika\u0107 z wcze\u015bniej zdefiniowanych cel\u00f3w biznesowych i potrzebnych funkcjonalno\u015bci. Zale\u017cnie od skali projektu oraz wybranych modu\u0142\u00f3w, czas wdro\u017cenia BImetrics waha si\u0119 w przedziale od 2 do 4 tygodni, przy minimalnymzaanga\u017cowaniu pracownik\u00f3w firmy, ograniczaj\u0105c ich udzia\u0142 do udost\u0119pnienia baz danych.<\/p>\t\t\t\t\t\t<\/div>\n\t\t\t\t<\/div>\n\t\t\t\t<div class=\"elementor-element elementor-element-9acc6bc elementor-widget elementor-widget-spacer\" data-id=\"9acc6bc\" data-element_type=\"widget\" data-widget_type=\"spacer.default\">\n\t\t\t\t<div class=\"elementor-widget-container\">\n\t\t\t\t\t<div class=\"elementor-spacer\">\n\t\t\t<div class=\"elementor-spacer-inner\"><\/div>\n\t\t<\/div>\n\t\t\t\t<\/div>\n\t\t\t\t<\/div>\n\t\t\t\t\t<\/div>\n\t\t<\/div>\n\t\t\t\t\t\t\t<\/div>\n\t\t<\/section>\n\t\t\t\t<section class=\"elementor-section elementor-top-section elementor-element elementor-element-9e35ddf elementor-section-boxed elementor-section-height-default elementor-section-height-default\" data-id=\"9e35ddf\" data-element_type=\"section\" data-settings=\"{&quot;_ha_eqh_enable&quot;:false}\">\n\t\t\t\t\t\t<div class=\"elementor-container elementor-column-gap-default\">\n\t\t\t\t\t<div class=\"elementor-column elementor-col-100 elementor-top-column elementor-element elementor-element-a99678b\" data-id=\"a99678b\" data-element_type=\"column\">\n\t\t\t<div class=\"elementor-widget-wrap elementor-element-populated\">\n\t\t\t\t\t\t\t\t<div class=\"elementor-element elementor-element-f7d1bf8 elementor-widget elementor-widget-image\" data-id=\"f7d1bf8\" data-element_type=\"widget\" data-widget_type=\"image.default\">\n\t\t\t\t<div class=\"elementor-widget-container\">\n\t\t\t<style>\/*! elementor - v3.16.0 - 14-09-2023 *\/\n.elementor-widget-image{text-align:center}.elementor-widget-image a{display:inline-block}.elementor-widget-image a img[src$=\".svg\"]{width:48px}.elementor-widget-image img{vertical-align:middle;display:inline-block}<\/style>\t\t\t\t\t\t\t\t\t\t\t\t<img decoding=\"async\" loading=\"lazy\" width=\"1024\" height=\"230\" src=\"https:\/\/bimetrics.pl\/wp-content\/uploads\/2021\/11\/wdrozenie_wykres_pl-1024x230.png\" class=\"attachment-large size-large wp-image-363\" alt=\"\" srcset=\"https:\/\/bimetrics.pl\/wp-content\/uploads\/2021\/11\/wdrozenie_wykres_pl-1024x230.png 1024w, https:\/\/bimetrics.pl\/wp-content\/uploads\/2021\/11\/wdrozenie_wykres_pl-300x67.png 300w, https:\/\/bimetrics.pl\/wp-content\/uploads\/2021\/11\/wdrozenie_wykres_pl-768x172.png 768w, https:\/\/bimetrics.pl\/wp-content\/uploads\/2021\/11\/wdrozenie_wykres_pl-1536x345.png 1536w, https:\/\/bimetrics.pl\/wp-content\/uploads\/2021\/11\/wdrozenie_wykres_pl-2048x460.png 2048w\" sizes=\"(max-width: 1024px) 100vw, 1024px\" \/>\t\t\t\t\t\t\t\t\t\t\t\t\t\t\t<\/div>\n\t\t\t\t<\/div>\n\t\t\t\t<div class=\"elementor-element elementor-element-5dd220e elementor-widget elementor-widget-spacer\" data-id=\"5dd220e\" data-element_type=\"widget\" data-widget_type=\"spacer.default\">\n\t\t\t\t<div class=\"elementor-widget-container\">\n\t\t\t\t\t<div class=\"elementor-spacer\">\n\t\t\t<div class=\"elementor-spacer-inner\"><\/div>\n\t\t<\/div>\n\t\t\t\t<\/div>\n\t\t\t\t<\/div>\n\t\t\t\t\t<\/div>\n\t\t<\/div>\n\t\t\t\t\t\t\t<\/div>\n\t\t<\/section>\n\t\t\t\t\t\t\t<\/div>\n\t\t","protected":false},"excerpt":{"rendered":"<p>ROZWA\u017bASZ WDRO\u017bENIE BIMETRICS? Oferujemy Ci profesjonalny audyt przedwdro\u017ceniowy. Do\u015bwiadczeni konsultanci BImetrics zweryfikuj\u0105 jako\u015b\u0107 Twoich danych i doradz\u0105, kt\u00f3re z proces\u00f3w zachodz\u0105cych w Twojej organizacji, niezale\u017cnie od rodzaju prowadzonej dzia\u0142alno\u015bci, obj\u0105\u0107 wdro\u017ceniem Systemu. Wdro\u017cenie BImetrics odbywa si\u0119 r\u00f3wnolegle na dw\u00f3ch poziomach \u2013 organizacyjnym oraz informatycznym. Rozwi\u0105zania informatyczne powinny wynika\u0107 z wcze\u015bniej zdefiniowanych cel\u00f3w biznesowych i potrzebnych&hellip;<\/p>\n","protected":false},"author":1,"featured_media":256,"parent":0,"menu_order":0,"comment_status":"closed","ping_status":"closed","template":"elementor_theme","meta":{"_eb_attr":"","footnotes":""},"_links":{"self":[{"href":"https:\/\/bimetrics.pl\/index.php\/wp-json\/wp\/v2\/pages\/115"}],"collection":[{"href":"https:\/\/bimetrics.pl\/index.php\/wp-json\/wp\/v2\/pages"}],"about":[{"href":"https:\/\/bimetrics.pl\/index.php\/wp-json\/wp\/v2\/types\/page"}],"author":[{"embeddable":true,"href":"https:\/\/bimetrics.pl\/index.php\/wp-json\/wp\/v2\/users\/1"}],"replies":[{"embeddable":true,"href":"https:\/\/bimetrics.pl\/index.php\/wp-json\/wp\/v2\/comments?post=115"}],"version-history":[{"count":7,"href":"https:\/\/bimetrics.pl\/index.php\/wp-json\/wp\/v2\/pages\/115\/revisions"}],"predecessor-version":[{"id":833,"href":"https:\/\/bimetrics.pl\/index.php\/wp-json\/wp\/v2\/pages\/115\/revisions\/833"}],"wp:featuredmedia":[{"embeddable":true,"href":"https:\/\/bimetrics.pl\/index.php\/wp-json\/wp\/v2\/media\/256"}],"wp:attachment":[{"href":"https:\/\/bimetrics.pl\/index.php\/wp-json\/wp\/v2\/media?parent=115"}],"curies":[{"name":"wp","href":"https:\/\/api.w.org\/{rel}","templated":true}]}}