{"id":1385,"date":"2023-08-24T15:48:13","date_gmt":"2023-08-24T15:48:13","guid":{"rendered":"https:\/\/bimetrics.pl\/?page_id=1385"},"modified":"2023-08-24T16:00:50","modified_gmt":"2023-08-24T16:00:50","slug":"polityka-prywatnosci","status":"publish","type":"page","link":"https:\/\/bimetrics.pl\/index.php\/polityka-prywatnosci\/","title":{"rendered":"POLITYKA PRYWATNO\u015aCI"},"content":{"rendered":"\t\t<div data-elementor-type=\"wp-page\" data-elementor-id=\"1385\" class=\"elementor elementor-1385\">\n\t\t\t\t\t\t\t\t\t<section class=\"elementor-section elementor-top-section elementor-element elementor-element-7ea9cb1e elementor-section-boxed elementor-section-height-default elementor-section-height-default\" data-id=\"7ea9cb1e\" data-element_type=\"section\" data-settings=\"{&quot;_ha_eqh_enable&quot;:false}\">\n\t\t\t\t\t\t<div class=\"elementor-container elementor-column-gap-default\">\n\t\t\t\t\t<div class=\"elementor-column elementor-col-100 elementor-top-column elementor-element elementor-element-45e5b271\" data-id=\"45e5b271\" data-element_type=\"column\">\n\t\t\t<div class=\"elementor-widget-wrap elementor-element-populated\">\n\t\t\t\t\t\t\t\t<div class=\"elementor-element elementor-element-6cd90bc elementor-widget elementor-widget-spacer\" data-id=\"6cd90bc\" data-element_type=\"widget\" data-widget_type=\"spacer.default\">\n\t\t\t\t<div class=\"elementor-widget-container\">\n\t\t\t<style>\/*! elementor - v3.16.0 - 14-09-2023 *\/\n.elementor-column .elementor-spacer-inner{height:var(--spacer-size)}.e-con{--container-widget-width:100%}.e-con-inner>.elementor-widget-spacer,.e-con>.elementor-widget-spacer{width:var(--container-widget-width,var(--spacer-size));--align-self:var(--container-widget-align-self,initial);--flex-shrink:0}.e-con-inner>.elementor-widget-spacer>.elementor-widget-container,.e-con>.elementor-widget-spacer>.elementor-widget-container{height:100%;width:100%}.e-con-inner>.elementor-widget-spacer>.elementor-widget-container>.elementor-spacer,.e-con>.elementor-widget-spacer>.elementor-widget-container>.elementor-spacer{height:100%}.e-con-inner>.elementor-widget-spacer>.elementor-widget-container>.elementor-spacer>.elementor-spacer-inner,.e-con>.elementor-widget-spacer>.elementor-widget-container>.elementor-spacer>.elementor-spacer-inner{height:var(--container-widget-height,var(--spacer-size))}.e-con-inner>.elementor-widget-spacer.elementor-widget-empty,.e-con>.elementor-widget-spacer.elementor-widget-empty{position:relative;min-height:22px;min-width:22px}.e-con-inner>.elementor-widget-spacer.elementor-widget-empty .elementor-widget-empty-icon,.e-con>.elementor-widget-spacer.elementor-widget-empty .elementor-widget-empty-icon{position:absolute;top:0;bottom:0;left:0;right:0;margin:auto;padding:0;width:22px;height:22px}<\/style>\t\t<div class=\"elementor-spacer\">\n\t\t\t<div class=\"elementor-spacer-inner\"><\/div>\n\t\t<\/div>\n\t\t\t\t<\/div>\n\t\t\t\t<\/div>\n\t\t\t\t<div class=\"elementor-element elementor-element-aaad220 elementor-widget elementor-widget-heading\" data-id=\"aaad220\" data-element_type=\"widget\" data-widget_type=\"heading.default\">\n\t\t\t\t<div class=\"elementor-widget-container\">\n\t\t\t<style>\/*! elementor - v3.16.0 - 14-09-2023 *\/\n.elementor-heading-title{padding:0;margin:0;line-height:1}.elementor-widget-heading .elementor-heading-title[class*=elementor-size-]>a{color:inherit;font-size:inherit;line-height:inherit}.elementor-widget-heading .elementor-heading-title.elementor-size-small{font-size:15px}.elementor-widget-heading .elementor-heading-title.elementor-size-medium{font-size:19px}.elementor-widget-heading .elementor-heading-title.elementor-size-large{font-size:29px}.elementor-widget-heading .elementor-heading-title.elementor-size-xl{font-size:39px}.elementor-widget-heading .elementor-heading-title.elementor-size-xxl{font-size:59px}<\/style><h2 class=\"elementor-heading-title elementor-size-default\">POLITYKA PRYWATNO\u015aCI<\/h2>\t\t<\/div>\n\t\t\t\t<\/div>\n\t\t\t\t<div class=\"elementor-element elementor-element-0c545e7 elementor-widget elementor-widget-text-editor\" data-id=\"0c545e7\" data-element_type=\"widget\" data-widget_type=\"text-editor.default\">\n\t\t\t\t<div class=\"elementor-widget-container\">\n\t\t\t<style>\/*! elementor - v3.16.0 - 14-09-2023 *\/\n.elementor-widget-text-editor.elementor-drop-cap-view-stacked .elementor-drop-cap{background-color:#69727d;color:#fff}.elementor-widget-text-editor.elementor-drop-cap-view-framed .elementor-drop-cap{color:#69727d;border:3px solid;background-color:transparent}.elementor-widget-text-editor:not(.elementor-drop-cap-view-default) .elementor-drop-cap{margin-top:8px}.elementor-widget-text-editor:not(.elementor-drop-cap-view-default) .elementor-drop-cap-letter{width:1em;height:1em}.elementor-widget-text-editor .elementor-drop-cap{float:left;text-align:center;line-height:1;font-size:50px}.elementor-widget-text-editor .elementor-drop-cap-letter{display:inline-block}<\/style>\t\t\t\t<p><strong>I Postanowienia og\u00f3lne<\/strong><\/p><p>\u00a0<\/p><ol><li>Niniejsza Polityka ochrony prywatno\u015bci okre\u015bla spos\u00f3b zbierania, przetwarzania i przechowywania danych osobowych koniecznych do \u015bwiadczenia us\u0142ug drog\u0105 elektroniczn\u0105 za po\u015brednictwem serwisu\u00a0 internetowego w domenie\u00a0\u00a0<u>bimetrics.pl <\/u>(dalej: Serwis).<\/li><li>\u00a0Administratorem danych osobowych U\u017cytkownik\u00f3w jest Bimetrics Sp. z o.o. (dalej: Administrator).<\/li><li>Dane osobowe przetwarzane s\u0105 zgodnie z Rozporz\u0105dzeniem Parlamentu Europejskiego i Rady (UE) 2016\/679 z dnia 27 kwietnia 2016 r. w sprawie ochrony os\u00f3b fizycznych w zwi\u0105zku z przetwarzaniem danych osobowych i w sprawie swobodnego przep\u0142ywu takich danych oraz uchylenia dyrektywy 95\/46\/WE (og\u00f3lne rozporz\u0105dzenie o ochronie danych) (dalej: RODO).<\/li><li>Zbierane przez Administratora dane b\u0119d\u0105:<\/li><\/ol><p>\u2013 przetwarzane zgodnie z prawem,<\/p><p>\u2013 przetwarzane w wyra\u017anie okre\u015blonych celach i niepoddawane dalszemu przetwarzaniu<\/p><p>niezgodnemu z tymi celami,<\/p><p>\u2013 merytorycznie poprawne i adekwatne w stosunku do cel\u00f3w, w jakich s\u0105 przetwarzane,<\/p><p>\u2013 przechowywane nie d\u0142u\u017cej ni\u017c jest to niezb\u0119dne do osi\u0105gni\u0119cia celu przetwarzania.<\/p><p>\u00a0<\/p><p><strong>II Cel i podstawy prawne przetwarzania danych<\/strong><\/p><p>\u00a0<\/p><ol><li>Administrator przetwarza dane osobowe niezb\u0119dne do \u015bwiadczenia i rozwoju oferowanych us\u0142ug dost\u0119pnych za po\u015brednictwem Serwisu oraz poszczeg\u00f3lnych jego funkcjonalno\u015bci.<\/li><li>Dane osobowe przetwarzane b\u0119d\u0105 w nast\u0119puj\u0105cych celach:<\/li><li>rejestracji konta, weryfikacji to\u017csamo\u015bci U\u017cytkownika oraz realizacji umowy o \u015bwiadczeniu us\u0142ug drog\u0105 elektroniczn\u0105 zgodnie z ustaw\u0105 z dnia 18 lipca 2002 r. o \u015bwiadczeniu us\u0142ug drog\u0105 elektroniczn\u0105, w tym w szczeg\u00f3lno\u015bci poprzez zapewnienie mo\u017cliwo\u015bci korzystania z konta U\u017cytkownika \u2013 na podstawie akceptacji warunk\u00f3w Regulaminu (art. 6 ust. 1 lit. b RODO);<\/li><\/ol><ol start=\"4\"><li>Komunikacji z U\u017cytkownikiem w celu dostarczeniu mu niezb\u0119dnych informacji oraz budowania pozytywnych i rzetelnych relacji z Nim, co stanowi prawnie uzasadniony interes Administratora (art. 6 ust. 1 lit. f RODO);<\/li><li>Promowania przez Administratora produkt\u00f3w i\/lub us\u0142ug w\u0142asnych oraz swoich Partner\u00f3w poprzez kierowanie drog\u0105 elektroniczn\u0105 Informacji marketingowych (newsletter) o ile U\u017cytkownik wyrazi\u0142 zgod\u0119 na otrzymywanie takich powiadomie\u0144 za po\u015brednictwem e-mail (art. 6 ust. 1 lit. a RODO);<\/li><li>Udzielenia dost\u0119pu do informacji o nowo\u015bciach z bran\u017cy bezpo\u015brednio powi\u0105zanej z dzia\u0142alno\u015bci\u0105 Administratora, o ile U\u017cytkownik wyrazi\u0142 zgod\u0119 na otrzymywanie takich powiadomie\u0144 za po\u015brednictwem e-mail (art. 6 ust. 1 lit. a RODO), w celach analitycznych i statystycznych na podstawie prawnie uzasadnionego interesu Administratora polegaj\u0105cego na prowadzeniu weryfikacji aktywno\u015bci U\u017cytkownik\u00f3w i ich preferencji dla optymalizacji us\u0142ug i produkt\u00f3w oraz stosowanych funkcjonalno\u015bci Serwisu (art. 6 ust. 1 lit. f RODO);<\/li><li>ewentualnego ustalenia, dochodzenia roszcze\u0144 lub obrony przed nimi na podstawie prawnie uzasadnionego interesu Administratora polegaj\u0105cego na ochronie jej praw (art. 6 ust. 1 lit. F RODO).<\/li><li>W ka\u017cdym z wymienionych powy\u017cej przypadk\u00f3w (ust 2) podanie danych jest dobrowolne, jednak konieczne do zawarcia umowy lub skorzystania z innych funkcjonalno\u015bci Serwisu.<\/li><\/ol><p><strong>III. Okres przetwarzania danych osobowych<\/strong><\/p><p>\u00a0<\/p><ol><li>Dane osobowe b\u0119d\u0105 przetwarzane przez okres, w kt\u00f3rym osoba pozostaje aktywnym U\u017cytkownikiem Serwisu (posiada konto U\u017cytkownika), a po tym czasie przez okres niezb\u0119dny do zachowania zgodno\u015bci z przepisami prawa, dochodzenia lub obrony przed ewentualnymi roszczeniami, jednak nie d\u0142u\u017cej ni\u017c 3 lat liczone od dnia rozwi\u0105zania umowy o \u015bwiadczeniu us\u0142ug drog\u0105 elektroniczn\u0105.<\/li><li>Dane przetwarzane na podstawie zgody b\u0119d\u0105 przetwarzane do czasu wycofania udzielonej zgody z zastrze\u017ceniem, \u017ce wycofanie tej zgody nie ma wp\u0142ywu na zgodno\u015b\u0107 przetwarzania danych, kt\u00f3rego dokonano przed tym wycofaniem.<\/li><\/ol><p><strong>IV. Informacje o przetwarzaniu<\/strong><\/p><p>Dane osobowe w zale\u017cno\u015bci od celu przetwarzania mog\u0105 zosta\u0107 ujawnione:<\/p><ol><li>podmiotom powi\u0105zanym z Administratorem<\/li><li>podmiotom wsp\u00f3\u0142pracuj\u0105cym z Administratorem,<\/li><li>podwykonawcom, w szczeg\u00f3lno\u015bci podmiotom dostarczaj\u0105cym i obs\u0142uguj\u0105cym wybrane systemy i rozwi\u0105zania informatyczne, podmiotom obs\u0142uguj\u0105cym p\u0142atno\u015bci internetowe, podmiotom \u015bwiadcz\u0105cym us\u0142ugi kuriersko-pocztowe,<\/li><li>kancelariom prawnym.<\/li><\/ol><p>Dane osobowe przetwarzane przez Administratorem, nie b\u0119d\u0105\/b\u0119d\u0105 przekazywane poza Europejski Obszar Gospodarczy ani do organizacji mi\u0119dzynarodowych.<\/p><p>\u00a0<\/p><p><strong>V. Prawa os\u00f3b, kt\u00f3rych dane dotycz\u0105<\/strong><\/p><p>U\u017cytkownik Serwisu ma prawo:<\/p><p>\u2013 dost\u0119pu do tre\u015bci swoich danych osobowych<\/p><p>\u2013 sprostowania danych<\/p><p>\u2013 usuni\u0119cia danych<\/p><p>\u2013 ograniczenia przetwarzania danych<\/p><p>\u2013 przenoszenia danych<\/p><p>\u2013 wniesienia sprzeciwu wobec przetwarzania odbywaj\u0105cego si\u0119 na podstawie prawienie<\/p><p>usprawiedliwionego interesu administratora<\/p><p>\u2013 wycofania zgody w dowolnym momencie bez wp\u0142ywu na zgodno\u015b\u0107 z prawem przetwarzania, kt\u00f3rego dokonano na podstawie tej zgody przed jej wycofaniem<\/p><ol><li>U\u017cytkownik ma prawo do wniesienia skargi do Prezesa Urz\u0119du Ochrony Danych Osobowych w sytuacji,w kt\u00f3rej uzna, \u017ce przetwarzanie narusza jego prawa i wolno\u015bci.<\/li><li>W procesie przetwarzania danych nie dochodzi do zautomatyzowanego podejmowania decyzji w tymdo profilowania.<\/li><\/ol><p><strong>VI. Postanowienia ko\u0144cowe<\/strong><\/p><p>\u00a0<\/p><ol><li>Administrator zastrzega sobie prawo do wprowadzenia zmian w niniejszej Polityce prywatno\u015bci jednocze\u015bnie zapewnia, \u017ce prawa U\u017cytkownik\u00f3w wynikaj\u0105ce z niniejszego dokumenty nie zostan\u0105 ograniczone.<\/li><\/ol><ol><li>O wszelkich zmiana w Polityce prywatno\u015bci U\u017cytkownik zostanie poinformowany poprzez komunikat dost\u0119pny w Serwisie.bimetrics<\/li><\/ol>\t\t\t\t\t\t<\/div>\n\t\t\t\t<\/div>\n\t\t\t\t<div class=\"elementor-element elementor-element-9acc6bc elementor-widget elementor-widget-spacer\" data-id=\"9acc6bc\" data-element_type=\"widget\" data-widget_type=\"spacer.default\">\n\t\t\t\t<div class=\"elementor-widget-container\">\n\t\t\t\t\t<div class=\"elementor-spacer\">\n\t\t\t<div class=\"elementor-spacer-inner\"><\/div>\n\t\t<\/div>\n\t\t\t\t<\/div>\n\t\t\t\t<\/div>\n\t\t\t\t\t<\/div>\n\t\t<\/div>\n\t\t\t\t\t\t\t<\/div>\n\t\t<\/section>\n\t\t\t\t\t\t\t<\/div>\n\t\t","protected":false},"excerpt":{"rendered":"<p>POLITYKA PRYWATNO\u015aCI I Postanowienia og\u00f3lne \u00a0 Niniejsza Polityka ochrony prywatno\u015bci okre\u015bla spos\u00f3b zbierania, przetwarzania i przechowywania danych osobowych koniecznych do \u015bwiadczenia us\u0142ug drog\u0105 elektroniczn\u0105 za po\u015brednictwem serwisu\u00a0 internetowego w domenie\u00a0\u00a0bimetrics.pl (dalej: Serwis). \u00a0Administratorem danych osobowych U\u017cytkownik\u00f3w jest Bimetrics Sp. z o.o. (dalej: Administrator). Dane osobowe przetwarzane s\u0105 zgodnie z Rozporz\u0105dzeniem Parlamentu Europejskiego i Rady (UE)&hellip;<\/p>\n","protected":false},"author":1,"featured_media":256,"parent":0,"menu_order":0,"comment_status":"closed","ping_status":"closed","template":"elementor_theme","meta":{"_eb_attr":"","footnotes":""},"_links":{"self":[{"href":"https:\/\/bimetrics.pl\/index.php\/wp-json\/wp\/v2\/pages\/1385"}],"collection":[{"href":"https:\/\/bimetrics.pl\/index.php\/wp-json\/wp\/v2\/pages"}],"about":[{"href":"https:\/\/bimetrics.pl\/index.php\/wp-json\/wp\/v2\/types\/page"}],"author":[{"embeddable":true,"href":"https:\/\/bimetrics.pl\/index.php\/wp-json\/wp\/v2\/users\/1"}],"replies":[{"embeddable":true,"href":"https:\/\/bimetrics.pl\/index.php\/wp-json\/wp\/v2\/comments?post=1385"}],"version-history":[{"count":7,"href":"https:\/\/bimetrics.pl\/index.php\/wp-json\/wp\/v2\/pages\/1385\/revisions"}],"predecessor-version":[{"id":1393,"href":"https:\/\/bimetrics.pl\/index.php\/wp-json\/wp\/v2\/pages\/1385\/revisions\/1393"}],"wp:featuredmedia":[{"embeddable":true,"href":"https:\/\/bimetrics.pl\/index.php\/wp-json\/wp\/v2\/media\/256"}],"wp:attachment":[{"href":"https:\/\/bimetrics.pl\/index.php\/wp-json\/wp\/v2\/media?parent=1385"}],"curies":[{"name":"wp","href":"https:\/\/api.w.org\/{rel}","templated":true}]}}