{"id":417,"date":"2021-11-30T10:28:28","date_gmt":"2021-11-30T10:28:28","guid":{"rendered":"https:\/\/bimetrics.pl\/?page_id=417"},"modified":"2022-03-18T12:36:18","modified_gmt":"2022-03-18T12:36:18","slug":"magnifier","status":"publish","type":"page","link":"https:\/\/bimetrics.pl\/index.php\/magnifier\/","title":{"rendered":"MAGnifier"},"content":{"rendered":"\t\t<div data-elementor-type=\"wp-page\" data-elementor-id=\"417\" class=\"elementor elementor-417\">\n\t\t\t\t\t\t\t\t\t<section class=\"elementor-section elementor-top-section elementor-element elementor-element-7ea9cb1e elementor-section-boxed elementor-section-height-default elementor-section-height-default\" data-id=\"7ea9cb1e\" data-element_type=\"section\" data-settings=\"{&quot;_ha_eqh_enable&quot;:false}\">\n\t\t\t\t\t\t<div class=\"elementor-container elementor-column-gap-default\">\n\t\t\t\t\t<div class=\"elementor-column elementor-col-100 elementor-top-column elementor-element elementor-element-45e5b271\" data-id=\"45e5b271\" data-element_type=\"column\">\n\t\t\t<div class=\"elementor-widget-wrap elementor-element-populated\">\n\t\t\t\t\t\t\t\t<div class=\"elementor-element elementor-element-5659d7e elementor-widget elementor-widget-spacer\" data-id=\"5659d7e\" data-element_type=\"widget\" data-widget_type=\"spacer.default\">\n\t\t\t\t<div class=\"elementor-widget-container\">\n\t\t\t<style>\/*! elementor - v3.16.0 - 14-09-2023 *\/\n.elementor-column .elementor-spacer-inner{height:var(--spacer-size)}.e-con{--container-widget-width:100%}.e-con-inner>.elementor-widget-spacer,.e-con>.elementor-widget-spacer{width:var(--container-widget-width,var(--spacer-size));--align-self:var(--container-widget-align-self,initial);--flex-shrink:0}.e-con-inner>.elementor-widget-spacer>.elementor-widget-container,.e-con>.elementor-widget-spacer>.elementor-widget-container{height:100%;width:100%}.e-con-inner>.elementor-widget-spacer>.elementor-widget-container>.elementor-spacer,.e-con>.elementor-widget-spacer>.elementor-widget-container>.elementor-spacer{height:100%}.e-con-inner>.elementor-widget-spacer>.elementor-widget-container>.elementor-spacer>.elementor-spacer-inner,.e-con>.elementor-widget-spacer>.elementor-widget-container>.elementor-spacer>.elementor-spacer-inner{height:var(--container-widget-height,var(--spacer-size))}.e-con-inner>.elementor-widget-spacer.elementor-widget-empty,.e-con>.elementor-widget-spacer.elementor-widget-empty{position:relative;min-height:22px;min-width:22px}.e-con-inner>.elementor-widget-spacer.elementor-widget-empty .elementor-widget-empty-icon,.e-con>.elementor-widget-spacer.elementor-widget-empty .elementor-widget-empty-icon{position:absolute;top:0;bottom:0;left:0;right:0;margin:auto;padding:0;width:22px;height:22px}<\/style>\t\t<div class=\"elementor-spacer\">\n\t\t\t<div class=\"elementor-spacer-inner\"><\/div>\n\t\t<\/div>\n\t\t\t\t<\/div>\n\t\t\t\t<\/div>\n\t\t\t\t<div class=\"elementor-element elementor-element-f7d1bf8 elementor-widget elementor-widget-image\" data-id=\"f7d1bf8\" data-element_type=\"widget\" data-widget_type=\"image.default\">\n\t\t\t\t<div class=\"elementor-widget-container\">\n\t\t\t<style>\/*! elementor - v3.16.0 - 14-09-2023 *\/\n.elementor-widget-image{text-align:center}.elementor-widget-image a{display:inline-block}.elementor-widget-image a img[src$=\".svg\"]{width:48px}.elementor-widget-image img{vertical-align:middle;display:inline-block}<\/style>\t\t\t\t\t\t\t\t\t\t\t\t<img decoding=\"async\" src=\"https:\/\/bimetrics.pl\/wp-content\/uploads\/elementor\/thumbs\/mag_logo_strona-pgs4fhz3hi7ld281qayi43v1h5kyzeklinksft4g7m.png\" title=\"mag_logo_strona\" alt=\"mag_logo_strona\" loading=\"lazy\" \/>\t\t\t\t\t\t\t\t\t\t\t\t\t\t\t<\/div>\n\t\t\t\t<\/div>\n\t\t\t\t\t<\/div>\n\t\t<\/div>\n\t\t\t\t\t\t\t<\/div>\n\t\t<\/section>\n\t\t\t\t<section class=\"elementor-section elementor-top-section elementor-element elementor-element-93c8382 elementor-section-boxed elementor-section-height-default elementor-section-height-default\" data-id=\"93c8382\" data-element_type=\"section\" data-settings=\"{&quot;_ha_eqh_enable&quot;:false}\">\n\t\t\t\t\t\t<div class=\"elementor-container elementor-column-gap-default\">\n\t\t\t\t\t<div class=\"elementor-column elementor-col-50 elementor-top-column elementor-element elementor-element-2025fc4\" data-id=\"2025fc4\" data-element_type=\"column\">\n\t\t\t<div class=\"elementor-widget-wrap elementor-element-populated\">\n\t\t\t\t\t\t\t\t<div class=\"elementor-element elementor-element-b6f7eb9 elementor-widget elementor-widget-spacer\" data-id=\"b6f7eb9\" data-element_type=\"widget\" data-widget_type=\"spacer.default\">\n\t\t\t\t<div class=\"elementor-widget-container\">\n\t\t\t\t\t<div class=\"elementor-spacer\">\n\t\t\t<div class=\"elementor-spacer-inner\"><\/div>\n\t\t<\/div>\n\t\t\t\t<\/div>\n\t\t\t\t<\/div>\n\t\t\t\t<div class=\"elementor-element elementor-element-ce3b64a elementor-widget elementor-widget-text-editor\" data-id=\"ce3b64a\" data-element_type=\"widget\" data-widget_type=\"text-editor.default\">\n\t\t\t\t<div class=\"elementor-widget-container\">\n\t\t\t<style>\/*! elementor - v3.16.0 - 14-09-2023 *\/\n.elementor-widget-text-editor.elementor-drop-cap-view-stacked .elementor-drop-cap{background-color:#69727d;color:#fff}.elementor-widget-text-editor.elementor-drop-cap-view-framed .elementor-drop-cap{color:#69727d;border:3px solid;background-color:transparent}.elementor-widget-text-editor:not(.elementor-drop-cap-view-default) .elementor-drop-cap{margin-top:8px}.elementor-widget-text-editor:not(.elementor-drop-cap-view-default) .elementor-drop-cap-letter{width:1em;height:1em}.elementor-widget-text-editor .elementor-drop-cap{float:left;text-align:center;line-height:1;font-size:50px}.elementor-widget-text-editor .elementor-drop-cap-letter{display:inline-block}<\/style>\t\t\t\t<p><strong>Magnifier<\/strong>\u00a0to narz\u0119dzie stworzone z my\u015bl\u0105 o przedsi\u0119biorcach, dla kt\u00f3rych liczy si\u0119 wiedza o charakterze dokonywanej sprzeda\u017cy oraz rozk\u0142adzie dochodowo\u015bci w poszczeg\u00f3lnych segmentach dzia\u0142alno\u015bci przedsi\u0119biorstwa. System w przejrzysty spos\u00f3b, w r\u00f3\u017cnych przekrojach, zestawia przychody z towarzysz\u0105cymi im kosztami, daj\u0105c obraz faktycznej rentowno\u015bci przedsi\u0119biorstwa wed\u0142ug zdefiniowanych obszar\u00f3w, dzia\u0142\u00f3w, produkt\u00f3w, us\u0142ug czy klient\u00f3w.\u00a0<\/p>\t\t\t\t\t\t<\/div>\n\t\t\t\t<\/div>\n\t\t\t\t\t<\/div>\n\t\t<\/div>\n\t\t\t\t<div class=\"elementor-column elementor-col-50 elementor-top-column elementor-element elementor-element-17f5254\" data-id=\"17f5254\" data-element_type=\"column\">\n\t\t\t<div class=\"elementor-widget-wrap elementor-element-populated\">\n\t\t\t\t\t\t\t\t<div class=\"elementor-element elementor-element-16e9d24 elementor-widget elementor-widget-image\" data-id=\"16e9d24\" data-element_type=\"widget\" data-widget_type=\"image.default\">\n\t\t\t\t<div class=\"elementor-widget-container\">\n\t\t\t\t\t\t\t\t\t\t\t\t\t\t\t\t<a href=\"https:\/\/bimetrics.pl\/wp-content\/uploads\/2022\/03\/bim_manual_mag.pdf\">\n\t\t\t\t\t\t\t<img decoding=\"async\" loading=\"lazy\" width=\"661\" height=\"661\" src=\"https:\/\/bimetrics.pl\/wp-content\/uploads\/2021\/12\/bim_teaser_mag_cover.jpg\" class=\"attachment-large size-large wp-image-722\" alt=\"\" srcset=\"https:\/\/bimetrics.pl\/wp-content\/uploads\/2021\/12\/bim_teaser_mag_cover.jpg 661w, https:\/\/bimetrics.pl\/wp-content\/uploads\/2021\/12\/bim_teaser_mag_cover-300x300.jpg 300w, https:\/\/bimetrics.pl\/wp-content\/uploads\/2021\/12\/bim_teaser_mag_cover-150x150.jpg 150w\" sizes=\"(max-width: 661px) 100vw, 661px\" \/>\t\t\t\t\t\t\t\t<\/a>\n\t\t\t\t\t\t\t\t\t\t\t\t\t\t\t<\/div>\n\t\t\t\t<\/div>\n\t\t\t\t\t<\/div>\n\t\t<\/div>\n\t\t\t\t\t\t\t<\/div>\n\t\t<\/section>\n\t\t\t\t\t\t\t<\/div>\n\t\t","protected":false},"excerpt":{"rendered":"<p>Magnifier\u00a0to narz\u0119dzie stworzone z my\u015bl\u0105 o przedsi\u0119biorcach, dla kt\u00f3rych liczy si\u0119 wiedza o charakterze dokonywanej sprzeda\u017cy oraz rozk\u0142adzie dochodowo\u015bci w poszczeg\u00f3lnych segmentach dzia\u0142alno\u015bci przedsi\u0119biorstwa. System w przejrzysty spos\u00f3b, w r\u00f3\u017cnych przekrojach, zestawia przychody z towarzysz\u0105cymi im kosztami, daj\u0105c obraz faktycznej rentowno\u015bci przedsi\u0119biorstwa wed\u0142ug zdefiniowanych obszar\u00f3w, dzia\u0142\u00f3w, produkt\u00f3w, us\u0142ug czy klient\u00f3w.\u00a0<\/p>\n","protected":false},"author":1,"featured_media":256,"parent":0,"menu_order":0,"comment_status":"closed","ping_status":"closed","template":"elementor_theme","meta":{"_eb_attr":"","footnotes":""},"_links":{"self":[{"href":"https:\/\/bimetrics.pl\/index.php\/wp-json\/wp\/v2\/pages\/417"}],"collection":[{"href":"https:\/\/bimetrics.pl\/index.php\/wp-json\/wp\/v2\/pages"}],"about":[{"href":"https:\/\/bimetrics.pl\/index.php\/wp-json\/wp\/v2\/types\/page"}],"author":[{"embeddable":true,"href":"https:\/\/bimetrics.pl\/index.php\/wp-json\/wp\/v2\/users\/1"}],"replies":[{"embeddable":true,"href":"https:\/\/bimetrics.pl\/index.php\/wp-json\/wp\/v2\/comments?post=417"}],"version-history":[{"count":25,"href":"https:\/\/bimetrics.pl\/index.php\/wp-json\/wp\/v2\/pages\/417\/revisions"}],"predecessor-version":[{"id":1179,"href":"https:\/\/bimetrics.pl\/index.php\/wp-json\/wp\/v2\/pages\/417\/revisions\/1179"}],"wp:featuredmedia":[{"embeddable":true,"href":"https:\/\/bimetrics.pl\/index.php\/wp-json\/wp\/v2\/media\/256"}],"wp:attachment":[{"href":"https:\/\/bimetrics.pl\/index.php\/wp-json\/wp\/v2\/media?parent=417"}],"curies":[{"name":"wp","href":"https:\/\/api.w.org\/{rel}","templated":true}]}}