{"id":436,"date":"2021-11-30T10:49:41","date_gmt":"2021-11-30T10:49:41","guid":{"rendered":"https:\/\/bimetrics.pl\/?page_id=436"},"modified":"2021-12-03T10:35:23","modified_gmt":"2021-12-03T10:35:23","slug":"navigator","status":"publish","type":"page","link":"https:\/\/bimetrics.pl\/index.php\/navigator\/","title":{"rendered":"NAViagtor"},"content":{"rendered":"\t\t<div data-elementor-type=\"wp-page\" data-elementor-id=\"436\" class=\"elementor elementor-436\">\n\t\t\t\t\t\t\t\t\t<section class=\"elementor-section elementor-top-section elementor-element elementor-element-7ea9cb1e elementor-section-boxed elementor-section-height-default elementor-section-height-default\" data-id=\"7ea9cb1e\" data-element_type=\"section\" data-settings=\"{&quot;_ha_eqh_enable&quot;:false}\">\n\t\t\t\t\t\t<div class=\"elementor-container elementor-column-gap-default\">\n\t\t\t\t\t<div class=\"elementor-column elementor-col-100 elementor-top-column elementor-element elementor-element-45e5b271\" data-id=\"45e5b271\" data-element_type=\"column\">\n\t\t\t<div class=\"elementor-widget-wrap elementor-element-populated\">\n\t\t\t\t\t\t\t\t<div class=\"elementor-element elementor-element-9acc6bc elementor-widget elementor-widget-spacer\" data-id=\"9acc6bc\" data-element_type=\"widget\" data-widget_type=\"spacer.default\">\n\t\t\t\t<div class=\"elementor-widget-container\">\n\t\t\t<style>\/*! elementor - v3.16.0 - 14-09-2023 *\/\n.elementor-column .elementor-spacer-inner{height:var(--spacer-size)}.e-con{--container-widget-width:100%}.e-con-inner>.elementor-widget-spacer,.e-con>.elementor-widget-spacer{width:var(--container-widget-width,var(--spacer-size));--align-self:var(--container-widget-align-self,initial);--flex-shrink:0}.e-con-inner>.elementor-widget-spacer>.elementor-widget-container,.e-con>.elementor-widget-spacer>.elementor-widget-container{height:100%;width:100%}.e-con-inner>.elementor-widget-spacer>.elementor-widget-container>.elementor-spacer,.e-con>.elementor-widget-spacer>.elementor-widget-container>.elementor-spacer{height:100%}.e-con-inner>.elementor-widget-spacer>.elementor-widget-container>.elementor-spacer>.elementor-spacer-inner,.e-con>.elementor-widget-spacer>.elementor-widget-container>.elementor-spacer>.elementor-spacer-inner{height:var(--container-widget-height,var(--spacer-size))}.e-con-inner>.elementor-widget-spacer.elementor-widget-empty,.e-con>.elementor-widget-spacer.elementor-widget-empty{position:relative;min-height:22px;min-width:22px}.e-con-inner>.elementor-widget-spacer.elementor-widget-empty .elementor-widget-empty-icon,.e-con>.elementor-widget-spacer.elementor-widget-empty .elementor-widget-empty-icon{position:absolute;top:0;bottom:0;left:0;right:0;margin:auto;padding:0;width:22px;height:22px}<\/style>\t\t<div class=\"elementor-spacer\">\n\t\t\t<div class=\"elementor-spacer-inner\"><\/div>\n\t\t<\/div>\n\t\t\t\t<\/div>\n\t\t\t\t<\/div>\n\t\t\t\t<div class=\"elementor-element elementor-element-f7d1bf8 elementor-widget elementor-widget-image\" data-id=\"f7d1bf8\" data-element_type=\"widget\" data-widget_type=\"image.default\">\n\t\t\t\t<div class=\"elementor-widget-container\">\n\t\t\t<style>\/*! elementor - v3.16.0 - 14-09-2023 *\/\n.elementor-widget-image{text-align:center}.elementor-widget-image a{display:inline-block}.elementor-widget-image a img[src$=\".svg\"]{width:48px}.elementor-widget-image img{vertical-align:middle;display:inline-block}<\/style>\t\t\t\t\t\t\t\t\t\t\t\t<img decoding=\"async\" src=\"https:\/\/bimetrics.pl\/wp-content\/uploads\/elementor\/thumbs\/navigator_strona-pgs4s07sf5bxua21p7kssg8u0pxsef80wk2dbckvhe.png\" title=\"navigator_strona\" alt=\"navigator_strona\" loading=\"lazy\" \/>\t\t\t\t\t\t\t\t\t\t\t\t\t\t\t<\/div>\n\t\t\t\t<\/div>\n\t\t\t\t\t<\/div>\n\t\t<\/div>\n\t\t\t\t\t\t\t<\/div>\n\t\t<\/section>\n\t\t\t\t<section class=\"elementor-section elementor-top-section elementor-element elementor-element-16875ff elementor-section-boxed elementor-section-height-default elementor-section-height-default\" data-id=\"16875ff\" data-element_type=\"section\" data-settings=\"{&quot;_ha_eqh_enable&quot;:false}\">\n\t\t\t\t\t\t<div class=\"elementor-container elementor-column-gap-default\">\n\t\t\t\t\t<div class=\"elementor-column elementor-col-50 elementor-top-column elementor-element elementor-element-8b481f8\" data-id=\"8b481f8\" data-element_type=\"column\">\n\t\t\t<div class=\"elementor-widget-wrap elementor-element-populated\">\n\t\t\t\t\t\t\t\t<div class=\"elementor-element elementor-element-c7563f3 elementor-widget elementor-widget-spacer\" data-id=\"c7563f3\" data-element_type=\"widget\" data-widget_type=\"spacer.default\">\n\t\t\t\t<div class=\"elementor-widget-container\">\n\t\t\t\t\t<div class=\"elementor-spacer\">\n\t\t\t<div class=\"elementor-spacer-inner\"><\/div>\n\t\t<\/div>\n\t\t\t\t<\/div>\n\t\t\t\t<\/div>\n\t\t\t\t<div class=\"elementor-element elementor-element-768d89b elementor-widget elementor-widget-text-editor\" data-id=\"768d89b\" data-element_type=\"widget\" data-widget_type=\"text-editor.default\">\n\t\t\t\t<div class=\"elementor-widget-container\">\n\t\t\t<style>\/*! elementor - v3.16.0 - 14-09-2023 *\/\n.elementor-widget-text-editor.elementor-drop-cap-view-stacked .elementor-drop-cap{background-color:#69727d;color:#fff}.elementor-widget-text-editor.elementor-drop-cap-view-framed .elementor-drop-cap{color:#69727d;border:3px solid;background-color:transparent}.elementor-widget-text-editor:not(.elementor-drop-cap-view-default) .elementor-drop-cap{margin-top:8px}.elementor-widget-text-editor:not(.elementor-drop-cap-view-default) .elementor-drop-cap-letter{width:1em;height:1em}.elementor-widget-text-editor .elementor-drop-cap{float:left;text-align:center;line-height:1;font-size:50px}.elementor-widget-text-editor .elementor-drop-cap-letter{display:inline-block}<\/style>\t\t\t\t<p><strong>NAVigator<\/strong>\u00a0to proste i szybkie planowanie operacyjne. System wyposa\u017cony jest w zaawansowane modele ekonometryczne, kt\u00f3re same tworz\u0105 prognozy wed\u0142ug mo\u017cliwych scenariuszy, w tym optymistyczny, pesymistyczny i bazowego (najbardziej prawdopodobnego). Prognozy mog\u0105 by\u0107 tworzone zar\u00f3wno w horyzoncie kr\u00f3tko, \u015brednio jak i d\u0142ugoterminowym, zale\u017cnie od preferencji i potrzeb.\u00a0<strong>NAVigator<\/strong>\u00a0umo\u017cliwia prognozowanie przysz\u0142ych wynik\u00f3w przedsi\u0119biorstwa w za\u0142o\u017conych scenariuszach. System pozwala na analiz\u0119 wp\u0142ywu wielu czynnik\u00f3w ryzyka r\u00f3wnocze\u015bnie. Ka\u017cdy scenariusz ma okre\u015blone prawdopodobie\u0144stwo wyst\u0105pienia, kt\u00f3re \u0142\u0105cznie pozwala na wyznaczenie oczekiwanego wyniku.<\/p>\t\t\t\t\t\t<\/div>\n\t\t\t\t<\/div>\n\t\t\t\t\t<\/div>\n\t\t<\/div>\n\t\t\t\t<div class=\"elementor-column elementor-col-50 elementor-top-column elementor-element elementor-element-24d2977\" data-id=\"24d2977\" data-element_type=\"column\">\n\t\t\t<div class=\"elementor-widget-wrap elementor-element-populated\">\n\t\t\t\t\t\t\t\t<div class=\"elementor-element elementor-element-b975b06 elementor-widget elementor-widget-image\" data-id=\"b975b06\" data-element_type=\"widget\" data-widget_type=\"image.default\">\n\t\t\t\t<div class=\"elementor-widget-container\">\n\t\t\t\t\t\t\t\t\t\t\t\t\t\t\t<img decoding=\"async\" loading=\"lazy\" width=\"661\" height=\"661\" src=\"https:\/\/bimetrics.pl\/wp-content\/uploads\/2021\/12\/bim_teaser_navi_cover-2.jpg\" class=\"attachment-large size-large wp-image-772\" alt=\"\" srcset=\"https:\/\/bimetrics.pl\/wp-content\/uploads\/2021\/12\/bim_teaser_navi_cover-2.jpg 661w, https:\/\/bimetrics.pl\/wp-content\/uploads\/2021\/12\/bim_teaser_navi_cover-2-300x300.jpg 300w, https:\/\/bimetrics.pl\/wp-content\/uploads\/2021\/12\/bim_teaser_navi_cover-2-150x150.jpg 150w\" sizes=\"(max-width: 661px) 100vw, 661px\" \/>\t\t\t\t\t\t\t\t\t\t\t\t\t\t\t<\/div>\n\t\t\t\t<\/div>\n\t\t\t\t\t<\/div>\n\t\t<\/div>\n\t\t\t\t\t\t\t<\/div>\n\t\t<\/section>\n\t\t\t\t\t\t\t<\/div>\n\t\t","protected":false},"excerpt":{"rendered":"<p>NAVigator\u00a0to proste i szybkie planowanie operacyjne. System wyposa\u017cony jest w zaawansowane modele ekonometryczne, kt\u00f3re same tworz\u0105 prognozy wed\u0142ug mo\u017cliwych scenariuszy, w tym optymistyczny, pesymistyczny i bazowego (najbardziej prawdopodobnego). Prognozy mog\u0105 by\u0107 tworzone zar\u00f3wno w horyzoncie kr\u00f3tko, \u015brednio jak i d\u0142ugoterminowym, zale\u017cnie od preferencji i potrzeb.\u00a0NAVigator\u00a0umo\u017cliwia prognozowanie przysz\u0142ych wynik\u00f3w przedsi\u0119biorstwa w za\u0142o\u017conych scenariuszach. System pozwala na&hellip;<\/p>\n","protected":false},"author":1,"featured_media":256,"parent":0,"menu_order":0,"comment_status":"closed","ping_status":"closed","template":"elementor_theme","meta":{"_eb_attr":"","footnotes":""},"_links":{"self":[{"href":"https:\/\/bimetrics.pl\/index.php\/wp-json\/wp\/v2\/pages\/436"}],"collection":[{"href":"https:\/\/bimetrics.pl\/index.php\/wp-json\/wp\/v2\/pages"}],"about":[{"href":"https:\/\/bimetrics.pl\/index.php\/wp-json\/wp\/v2\/types\/page"}],"author":[{"embeddable":true,"href":"https:\/\/bimetrics.pl\/index.php\/wp-json\/wp\/v2\/users\/1"}],"replies":[{"embeddable":true,"href":"https:\/\/bimetrics.pl\/index.php\/wp-json\/wp\/v2\/comments?post=436"}],"version-history":[{"count":10,"href":"https:\/\/bimetrics.pl\/index.php\/wp-json\/wp\/v2\/pages\/436\/revisions"}],"predecessor-version":[{"id":778,"href":"https:\/\/bimetrics.pl\/index.php\/wp-json\/wp\/v2\/pages\/436\/revisions\/778"}],"wp:featuredmedia":[{"embeddable":true,"href":"https:\/\/bimetrics.pl\/index.php\/wp-json\/wp\/v2\/media\/256"}],"wp:attachment":[{"href":"https:\/\/bimetrics.pl\/index.php\/wp-json\/wp\/v2\/media?parent=436"}],"curies":[{"name":"wp","href":"https:\/\/api.w.org\/{rel}","templated":true}]}}