{"id":441,"date":"2021-11-30T10:53:14","date_gmt":"2021-11-30T10:53:14","guid":{"rendered":"https:\/\/bimetrics.pl\/?page_id=441"},"modified":"2021-12-03T13:35:58","modified_gmt":"2021-12-03T13:35:58","slug":"mboit","status":"publish","type":"page","link":"https:\/\/bimetrics.pl\/index.php\/mboit\/","title":{"rendered":"MBO.it"},"content":{"rendered":"\t\t<div data-elementor-type=\"wp-page\" data-elementor-id=\"441\" class=\"elementor elementor-441\">\n\t\t\t\t\t\t\t\t\t<section class=\"elementor-section elementor-top-section elementor-element elementor-element-7ea9cb1e elementor-section-boxed elementor-section-height-default elementor-section-height-default\" data-id=\"7ea9cb1e\" data-element_type=\"section\" data-settings=\"{&quot;_ha_eqh_enable&quot;:false}\">\n\t\t\t\t\t\t<div class=\"elementor-container elementor-column-gap-default\">\n\t\t\t\t\t<div class=\"elementor-column elementor-col-100 elementor-top-column elementor-element elementor-element-45e5b271\" data-id=\"45e5b271\" data-element_type=\"column\">\n\t\t\t<div class=\"elementor-widget-wrap elementor-element-populated\">\n\t\t\t\t\t\t\t\t<div class=\"elementor-element elementor-element-6789616 elementor-widget elementor-widget-spacer\" data-id=\"6789616\" data-element_type=\"widget\" data-widget_type=\"spacer.default\">\n\t\t\t\t<div class=\"elementor-widget-container\">\n\t\t\t<style>\/*! elementor - v3.16.0 - 14-09-2023 *\/\n.elementor-column .elementor-spacer-inner{height:var(--spacer-size)}.e-con{--container-widget-width:100%}.e-con-inner>.elementor-widget-spacer,.e-con>.elementor-widget-spacer{width:var(--container-widget-width,var(--spacer-size));--align-self:var(--container-widget-align-self,initial);--flex-shrink:0}.e-con-inner>.elementor-widget-spacer>.elementor-widget-container,.e-con>.elementor-widget-spacer>.elementor-widget-container{height:100%;width:100%}.e-con-inner>.elementor-widget-spacer>.elementor-widget-container>.elementor-spacer,.e-con>.elementor-widget-spacer>.elementor-widget-container>.elementor-spacer{height:100%}.e-con-inner>.elementor-widget-spacer>.elementor-widget-container>.elementor-spacer>.elementor-spacer-inner,.e-con>.elementor-widget-spacer>.elementor-widget-container>.elementor-spacer>.elementor-spacer-inner{height:var(--container-widget-height,var(--spacer-size))}.e-con-inner>.elementor-widget-spacer.elementor-widget-empty,.e-con>.elementor-widget-spacer.elementor-widget-empty{position:relative;min-height:22px;min-width:22px}.e-con-inner>.elementor-widget-spacer.elementor-widget-empty .elementor-widget-empty-icon,.e-con>.elementor-widget-spacer.elementor-widget-empty .elementor-widget-empty-icon{position:absolute;top:0;bottom:0;left:0;right:0;margin:auto;padding:0;width:22px;height:22px}<\/style>\t\t<div class=\"elementor-spacer\">\n\t\t\t<div class=\"elementor-spacer-inner\"><\/div>\n\t\t<\/div>\n\t\t\t\t<\/div>\n\t\t\t\t<\/div>\n\t\t\t\t<div class=\"elementor-element elementor-element-f7d1bf8 elementor-widget elementor-widget-image\" data-id=\"f7d1bf8\" data-element_type=\"widget\" data-widget_type=\"image.default\">\n\t\t\t\t<div class=\"elementor-widget-container\">\n\t\t\t<style>\/*! elementor - v3.16.0 - 14-09-2023 *\/\n.elementor-widget-image{text-align:center}.elementor-widget-image a{display:inline-block}.elementor-widget-image a img[src$=\".svg\"]{width:48px}.elementor-widget-image img{vertical-align:middle;display:inline-block}<\/style>\t\t\t\t\t\t\t\t\t\t\t\t<img decoding=\"async\" src=\"https:\/\/bimetrics.pl\/wp-content\/uploads\/elementor\/thumbs\/mboit_strona-pgs50xolchk04x33k2j7h74h6hxbiwo84r6ffzc8bg.png\" title=\"mboit_strona\" alt=\"mboit_strona\" loading=\"lazy\" \/>\t\t\t\t\t\t\t\t\t\t\t\t\t\t\t<\/div>\n\t\t\t\t<\/div>\n\t\t\t\t\t<\/div>\n\t\t<\/div>\n\t\t\t\t\t\t\t<\/div>\n\t\t<\/section>\n\t\t\t\t<section class=\"elementor-section elementor-top-section elementor-element elementor-element-aa3185b elementor-section-boxed elementor-section-height-default elementor-section-height-default\" data-id=\"aa3185b\" data-element_type=\"section\" data-settings=\"{&quot;_ha_eqh_enable&quot;:false}\">\n\t\t\t\t\t\t<div class=\"elementor-container elementor-column-gap-default\">\n\t\t\t\t\t<div class=\"elementor-column elementor-col-50 elementor-top-column elementor-element elementor-element-89859e3\" data-id=\"89859e3\" data-element_type=\"column\">\n\t\t\t<div class=\"elementor-widget-wrap elementor-element-populated\">\n\t\t\t\t\t\t\t\t<div class=\"elementor-element elementor-element-bd0a3a9 elementor-widget elementor-widget-spacer\" data-id=\"bd0a3a9\" data-element_type=\"widget\" data-widget_type=\"spacer.default\">\n\t\t\t\t<div class=\"elementor-widget-container\">\n\t\t\t\t\t<div class=\"elementor-spacer\">\n\t\t\t<div class=\"elementor-spacer-inner\"><\/div>\n\t\t<\/div>\n\t\t\t\t<\/div>\n\t\t\t\t<\/div>\n\t\t\t\t<div class=\"elementor-element elementor-element-768d89b elementor-widget elementor-widget-text-editor\" data-id=\"768d89b\" data-element_type=\"widget\" data-widget_type=\"text-editor.default\">\n\t\t\t\t<div class=\"elementor-widget-container\">\n\t\t\t<style>\/*! elementor - v3.16.0 - 14-09-2023 *\/\n.elementor-widget-text-editor.elementor-drop-cap-view-stacked .elementor-drop-cap{background-color:#69727d;color:#fff}.elementor-widget-text-editor.elementor-drop-cap-view-framed .elementor-drop-cap{color:#69727d;border:3px solid;background-color:transparent}.elementor-widget-text-editor:not(.elementor-drop-cap-view-default) .elementor-drop-cap{margin-top:8px}.elementor-widget-text-editor:not(.elementor-drop-cap-view-default) .elementor-drop-cap-letter{width:1em;height:1em}.elementor-widget-text-editor .elementor-drop-cap{float:left;text-align:center;line-height:1;font-size:50px}.elementor-widget-text-editor .elementor-drop-cap-letter{display:inline-block}<\/style>\t\t\t\t<p><strong>MBO.it<\/strong>\u00a0to rozwi\u0105zanie stanowi\u0105ce odpowied\u017a na potrzeby firm w zakresie unarz\u0119dziowienia program\u00f3w motywacyjnych typu MBO [Management by Objectives].\u00a0<strong>MBO.it<\/strong>\u00a0daje mo\u017cliwo\u015b\u0107 monitorowania aktualnego poziomu wykonania zada\u0144 przypisanych poszczeg\u00f3lnym pracownikom i na tej podstawie kalkuluje wysoko\u015b\u0107 nale\u017cnej premii.\u00a0Precyzyjne zdefiniowanie miernik\u00f3w efektywno\u015bci w po\u0142\u0105czeniu z systemem premiowym powoduje, \u017ce pracownicy modyfikuj\u0105 swoje dzia\u0142ania w kierunku maksymalizowania swojego wyniku, co z kolei korzystnie wp\u0142ywa na realizacj\u0119 cel\u00f3w ca\u0142ej organizacji.\u00a0<\/p>\t\t\t\t\t\t<\/div>\n\t\t\t\t<\/div>\n\t\t\t\t\t<\/div>\n\t\t<\/div>\n\t\t\t\t<div class=\"elementor-column elementor-col-50 elementor-top-column elementor-element elementor-element-c3d523c\" data-id=\"c3d523c\" data-element_type=\"column\">\n\t\t\t<div class=\"elementor-widget-wrap elementor-element-populated\">\n\t\t\t\t\t\t\t\t<div class=\"elementor-element elementor-element-9acc6bc elementor-widget elementor-widget-spacer\" data-id=\"9acc6bc\" data-element_type=\"widget\" data-widget_type=\"spacer.default\">\n\t\t\t\t<div class=\"elementor-widget-container\">\n\t\t\t\t\t<div class=\"elementor-spacer\">\n\t\t\t<div class=\"elementor-spacer-inner\"><\/div>\n\t\t<\/div>\n\t\t\t\t<\/div>\n\t\t\t\t<\/div>\n\t\t\t\t<div class=\"elementor-element elementor-element-61c13c5 elementor-widget elementor-widget-image\" data-id=\"61c13c5\" data-element_type=\"widget\" data-widget_type=\"image.default\">\n\t\t\t\t<div class=\"elementor-widget-container\">\n\t\t\t\t\t\t\t\t\t\t\t\t\t\t\t<img decoding=\"async\" loading=\"lazy\" width=\"661\" height=\"661\" src=\"https:\/\/bimetrics.pl\/wp-content\/uploads\/2021\/12\/bim_teaser_mboit_cover-2.jpg\" class=\"attachment-large size-large wp-image-764\" alt=\"\" srcset=\"https:\/\/bimetrics.pl\/wp-content\/uploads\/2021\/12\/bim_teaser_mboit_cover-2.jpg 661w, https:\/\/bimetrics.pl\/wp-content\/uploads\/2021\/12\/bim_teaser_mboit_cover-2-300x300.jpg 300w, https:\/\/bimetrics.pl\/wp-content\/uploads\/2021\/12\/bim_teaser_mboit_cover-2-150x150.jpg 150w\" sizes=\"(max-width: 661px) 100vw, 661px\" \/>\t\t\t\t\t\t\t\t\t\t\t\t\t\t\t<\/div>\n\t\t\t\t<\/div>\n\t\t\t\t\t<\/div>\n\t\t<\/div>\n\t\t\t\t\t\t\t<\/div>\n\t\t<\/section>\n\t\t\t\t\t\t\t<\/div>\n\t\t","protected":false},"excerpt":{"rendered":"<p>MBO.it\u00a0to rozwi\u0105zanie stanowi\u0105ce odpowied\u017a na potrzeby firm w zakresie unarz\u0119dziowienia program\u00f3w motywacyjnych typu MBO [Management by Objectives].\u00a0MBO.it\u00a0daje mo\u017cliwo\u015b\u0107 monitorowania aktualnego poziomu wykonania zada\u0144 przypisanych poszczeg\u00f3lnym pracownikom i na tej podstawie kalkuluje wysoko\u015b\u0107 nale\u017cnej premii.\u00a0Precyzyjne zdefiniowanie miernik\u00f3w efektywno\u015bci w po\u0142\u0105czeniu z systemem premiowym powoduje, \u017ce pracownicy modyfikuj\u0105 swoje dzia\u0142ania w kierunku maksymalizowania swojego wyniku, co z&hellip;<\/p>\n","protected":false},"author":1,"featured_media":256,"parent":0,"menu_order":0,"comment_status":"closed","ping_status":"closed","template":"elementor_theme","meta":{"_eb_attr":"","footnotes":""},"_links":{"self":[{"href":"https:\/\/bimetrics.pl\/index.php\/wp-json\/wp\/v2\/pages\/441"}],"collection":[{"href":"https:\/\/bimetrics.pl\/index.php\/wp-json\/wp\/v2\/pages"}],"about":[{"href":"https:\/\/bimetrics.pl\/index.php\/wp-json\/wp\/v2\/types\/page"}],"author":[{"embeddable":true,"href":"https:\/\/bimetrics.pl\/index.php\/wp-json\/wp\/v2\/users\/1"}],"replies":[{"embeddable":true,"href":"https:\/\/bimetrics.pl\/index.php\/wp-json\/wp\/v2\/comments?post=441"}],"version-history":[{"count":16,"href":"https:\/\/bimetrics.pl\/index.php\/wp-json\/wp\/v2\/pages\/441\/revisions"}],"predecessor-version":[{"id":872,"href":"https:\/\/bimetrics.pl\/index.php\/wp-json\/wp\/v2\/pages\/441\/revisions\/872"}],"wp:featuredmedia":[{"embeddable":true,"href":"https:\/\/bimetrics.pl\/index.php\/wp-json\/wp\/v2\/media\/256"}],"wp:attachment":[{"href":"https:\/\/bimetrics.pl\/index.php\/wp-json\/wp\/v2\/media?parent=441"}],"curies":[{"name":"wp","href":"https:\/\/api.w.org\/{rel}","templated":true}]}}